{"id":517,"date":"2013-07-05T20:58:30","date_gmt":"2013-07-05T18:58:30","guid":{"rendered":"http:\/\/chalupnikovi.com\/recepty\/?page_id=517"},"modified":"2021-04-13T17:32:27","modified_gmt":"2021-04-13T15:32:27","slug":"oblubene-blogy-a-stranky","status":"publish","type":"page","link":"https:\/\/chalupnikovi.com\/recepty\/?page_id=517","title":{"rendered":"Ob\u013e\u00fabene blogy a str\u00e1nky"},"content":{"rendered":"<p><a href=\"http:\/\/www.pekarnomanie.cz\/\" target=\"_blank\" rel=\"noopener\">Pek\u00e1rnom\u00e1nie od Ivy<\/a><br \/>\n<a href=\"http:\/\/www.mlsoty.estranky.cz\/\" target=\"_blank\" rel=\"noopener\">Ochutn\u00e1vky od Jarky<\/a><br \/>\n<a href=\"http:\/\/www.merylas.estranky.cz\/\" target=\"_blank\" rel=\"noopener\">Va\u0159en\u00ed s Merylas<\/a><br \/>\n<a href=\"http:\/\/www.receptyzmojejkuchyne.blogspot.sk\/\" target=\"_blank\" rel=\"noopener\">Recepty z mojej kuchyne a z\u00e1hrady<\/a><br \/>\n<a href=\"http:\/\/angellovescooking.blogspot.com\/\" target=\"_blank\" rel=\"noopener\">http:\/\/angellovescooking.blogspot.com\/<\/a><br \/>\n<a href=\"http:\/\/nasavareska.blogspot.sk\/\" target=\"_blank\" rel=\"noopener\">mot\u00fdlia\u00a0 \ud83d\ude42\u00a0 vare\u0161ka<\/a><br \/>\n<a href=\"http:\/\/pomoravka1.blogspot.com\/\" target=\"_blank\" rel=\"noopener\">http:\/\/pomoravka1.blogspot.com<\/a><\/p>\n<p><a href=\"http:\/\/pomoravka1.blogspot.com\/\" target=\"_blank\" rel=\"noopener\">\/<\/a><a href=\"http:\/\/blog.tagesanzeiger.ch\/sweethome\/\" target=\"_blank\" rel=\"noopener\">http:\/\/blog.tagesanzeiger.ch\/sweethome\/<\/a><\/p>\n<p><a href=\"http:\/\/ovarenizivoteatak.blogspot.de\/\" target=\"_blank\" rel=\"noopener\">http:\/\/ovarenizivoteatak.blogspot.de\/<br \/>\n<\/a><a href=\"http:\/\/aishacooks.blogspot.co.il\/\" target=\"_blank\" rel=\"noopener\">http:\/\/aishacooks.blogspot.co.il\/<\/a><br \/>\n<a href=\"http:\/\/green-almonds.weebly.com\/\" target=\"_blank\" rel=\"noopener\">http:\/\/green-almonds.weebly.com\/<\/a><\/p>\n<p><a href=\"https:\/\/www.kaloricketabulky.cz\" target=\"_blank\" rel=\"noopener\">https:\/\/www.kaloricketabulky.cz<\/a><\/p>\n<p><a href=\"https:\/\/www.houzz.co.uk\/\" target=\"_blank\" rel=\"noopener\">https:\/\/www.houzz.co.uk\/<\/a><br \/>\n<a href=\"https:\/\/www.houzz.co.uk\/\" target=\"_blank\" rel=\"noopener\">www. houzz.com<\/a><\/p>\n<p><a href=\"https:\/\/www.facebook.com\/pages\/Mininy-recepty\/193357137494818?ref=hl\" target=\"_blank\" rel=\"noopener\">\u00a0<\/a><\/p>\n<div id=\"s3gt_translate_tooltip_mini\" class=\"s3gt_translate_tooltip_mini_box\" style=\"background: initial !important; border: initial !important; border-radius: initial !important; border-spacing: initial !important; border-collapse: initial !important; direction: ltr !important; flex-direction: initial !important; font-weight: initial !important; height: initial !important; letter-spacing: initial !important; min-width: initial !important; max-width: initial !important; min-height: initial !important; max-height: initial !important; margin: auto !important; outline: initial !important; padding: initial !important; position: absolute; table-layout: initial !important; text-align: initial !important; text-shadow: initial !important; width: initial !important; word-break: initial !important; word-spacing: initial !important; overflow-wrap: initial !important; box-sizing: initial !important; display: initial !important; color: inherit !important; font-size: 13px !important; font-family: X-LocaleSpecific, sans-serif, Tahoma, Helvetica !important; line-height: 13px !important; vertical-align: top !important; white-space: inherit !important; left: 10px; top: 160px; opacity: 0.45;\">\n<div id=\"s3gt_translate_tooltip_mini_logo\" class=\"s3gt_translate_tooltip_mini\" title=\"Prelo\u017ei\u0165 ozna\u010den\u00fd text\"><\/div>\n<div id=\"s3gt_translate_tooltip_mini_sound\" class=\"s3gt_translate_tooltip_mini\" title=\"Spusti\u0165\"><\/div>\n<div id=\"s3gt_translate_tooltip_mini_copy\" class=\"s3gt_translate_tooltip_mini\" title=\"Zkop\u00edrova\u0165 text do schr\u00e1nky\"><\/div>\n<\/div>\n","protected":false},"excerpt":{"rendered":"<p>Pek\u00e1rnom\u00e1nie od Ivy Ochutn\u00e1vky od Jarky Va\u0159en\u00ed s Merylas Recepty z mojej kuchyne a z\u00e1hrady http:\/\/angellovescooking.blogspot.com\/ mot\u00fdlia\u00a0 \ud83d\ude42\u00a0 vare\u0161ka http:\/\/pomoravka1.blogspot.com \/http:\/\/blog.tagesanzeiger.ch\/sweethome\/ http:\/\/ovarenizivoteatak.blogspot.de\/ http:\/\/aishacooks.blogspot.co.il\/ http:\/\/green-almonds.weebly.com\/ https:\/\/www.kaloricketabulky.cz https:\/\/www.houzz.co.uk\/ www. houzz.com \u00a0<\/p>\n","protected":false},"author":1,"featured_media":0,"parent":0,"menu_order":0,"comment_status":"open","ping_status":"open","template":"","meta":{"jetpack_post_was_ever_published":false,"footnotes":""},"class_list":["post-517","page","type-page","status-publish","hentry"],"jetpack_sharing_enabled":true,"jetpack_shortlink":"https:\/\/wp.me\/P3HW8C-8l","_links":{"self":[{"href":"https:\/\/chalupnikovi.com\/recepty\/index.php?rest_route=\/wp\/v2\/pages\/517","targetHints":{"allow":["GET"]}}],"collection":[{"href":"https:\/\/chalupnikovi.com\/recepty\/index.php?rest_route=\/wp\/v2\/pages"}],"about":[{"href":"https:\/\/chalupnikovi.com\/recepty\/index.php?rest_route=\/wp\/v2\/types\/page"}],"author":[{"embeddable":true,"href":"https:\/\/chalupnikovi.com\/recepty\/index.php?rest_route=\/wp\/v2\/users\/1"}],"replies":[{"embeddable":true,"href":"https:\/\/chalupnikovi.com\/recepty\/index.php?rest_route=%2Fwp%2Fv2%2Fcomments&post=517"}],"version-history":[{"count":44,"href":"https:\/\/chalupnikovi.com\/recepty\/index.php?rest_route=\/wp\/v2\/pages\/517\/revisions"}],"predecessor-version":[{"id":9192,"href":"https:\/\/chalupnikovi.com\/recepty\/index.php?rest_route=\/wp\/v2\/pages\/517\/revisions\/9192"}],"wp:attachment":[{"href":"https:\/\/chalupnikovi.com\/recepty\/index.php?rest_route=%2Fwp%2Fv2%2Fmedia&parent=517"}],"curies":[{"name":"wp","href":"https:\/\/api.w.org\/{rel}","templated":true}]}}